{"id":938,"date":"2018-03-29T16:23:10","date_gmt":"2018-03-29T15:23:10","guid":{"rendered":"https:\/\/casaeugenio.es\/condiciones-y-politica-de-empresa\/"},"modified":"2018-04-15T12:26:43","modified_gmt":"2018-04-15T10:26:43","slug":"condiciones-y-politica-de-empresa","status":"publish","type":"page","link":"https:\/\/casaeugenio.es\/it\/condiciones-y-politica-de-empresa\/","title":{"rendered":"Condiciones y pol\u00edtica de empresa"},"content":{"rendered":"<h2><strong>1<\/strong><strong>.Precio<\/strong><\/h2>\n<p>En el precio de los apartamentos est\u00e1n incluidos estos servicios complementarios:<\/p>\n<ol>\n<li>Informaci\u00f3n y documentaci\u00f3n tur\u00edstica de la zona.<\/li>\n<li>Ropa de cama y toallas. Se entregar\u00e1n toallas limpias cada tres d\u00edas. En estancias superiores a 7 noches se har\u00e1 limpieza y cambio de sabanas .<\/li>\n<li>Cocina completamente equipada: cubiertos, platos, vasos, sartenes, cacerolas, nevera, cafetera, microondas, congelador y otros \u00a0utensilios de cocina.<\/li>\n<li>Sala-Comedor con TV y aire acondicionado .<\/li>\n<li>Conjunto de limpieza: trapo de cocina, estropajo, bayeta, escoba , recogedor, cubo y fregona .<\/li>\n<li>Tabla de planchar y plancha.<\/li>\n<li>Derecho a uso zona de lavander\u00eda .<\/li>\n<\/ol>\n<h2><strong>2. Uso del alojamiento<\/strong><\/h2>\n<p>El cliente es responsable de hacer la declaraci\u00f3n correcta del n\u00famero de personas que ha de ocupar el apartamento, sin omitir los ni\u00f1os. La administraci\u00f3n de los apartamentos puede legalmente negarse a admitir la entrada de aquellas personas no declaradas.<\/p>\n<h2><strong>3. Comportamiento<\/strong><\/h2>\n<p>El cliente y sus acompa\u00f1antes deber\u00e1n de comportarse de forma c\u00edvica y respetando las normas generales de convivencia.<\/p>\n<p>Cualquier actividad que disturbe la convivencia normal de la comunidad en la que se ubica el alojamiento, tal como m\u00fasica elevada, ruidos o fiestas, y que provoque las quejas fundadas de los vecinos, ser\u00e1n motivo para que se desocupe inmediatamente el alojamiento.<\/p>\n<p>Las HORAS DE DESCANSO son de 22:00 a 10:00 entre semana y de 00.00 a 10:00 los festivos, quedando terminantemente prohibidas, durante esos periodos, cualquier tipo de actividad que perturbe en cualquier manera el descanso.<\/p>\n<p>Est\u00e1 prohibido dejar basuras en la vivienda, jard\u00edn o en la calle junto a la puerta de entrada. El CLIENTE se compromete a tirar sus bolsas de basura en alguno de los contenedores para su dep\u00f3sito que existen en el municipio.<\/p>\n<p>El uso de la piscina es exclusivamente para los clientes que est\u00e1n hospedados , sin que estos puedan agregar personas que no est\u00e1n hospedadas en nuestras viviendas.<\/p>\n<h2>4. Da\u00f1os materiales<\/h2>\n<p>El cliente se obliga a cuidar el apartamento amueblado, siendo de su cargo los deterioros o p\u00e9rdidas que se produzcan en la misma.<\/p>\n<h2>5. Entradas y Salidas<\/h2>\n<p>El horario de entrada en los apartamentos ser\u00e1 a partir de las 15:00 h. del d\u00eda de llegada debiendo quedar libres las habitaciones antes de las 10:30 h. del d\u00eda de salida, cuando no se abandone a las 10:30 el alojamiento se entender\u00e1 que prolonga, autom\u00e1ticamente, la estancia un d\u00eda m\u00e1s.<\/p>\n<h2>6. Desocupaci\u00f3n de los apartamentos<\/h2>\n<p>El incumplimiento por los clientes de alguna de las prohibiciones establecidas en este reglamento facultar\u00e1 a la Empresa para rescindir el contrato.<br \/>\nEl titular del establecimiento podr\u00e1 recabar el auxilio de los agentes de la autoridad para desalojar de los mismos a los usuarios que incumplan el reglamento de r\u00e9gimen interior o que pretendan acceder o permanecer en los mismos con una finalidad diferente al normal uso del servicio, de conformidad con lo establecido en el articulo 32.2 de la Ley de turismo<\/p>\n<h2><strong>7. Prohibiciones<\/strong><\/h2>\n<p>Queda prohibido a los clientes:<br \/>\na) Introducir muebles en el alojamiento o realizar obras o reparaciones en el mismo, por peque\u00f1as que \u00e9stas sean.<br \/>\nb) Alojar mayor n\u00famero de personas que las que correspondan a la capacidad m\u00e1xima fijada al alojamiento.<br \/>\nc) Ejercer la actividad de hospedaje en el alojamiento o destinarlo a fines distintos a aquellos para los que se ha contratado.<br \/>\nd) Introducir materias o sustancias explosivas o inflamables u otras que puedan causar da\u00f1os o molestias a los dem\u00e1s ocupantes del inmueble.<br \/>\ne) Realizar cualquier actividad que atente contra las normas usuales de convivencia o el r\u00e9gimen normal de funcionamiento.<br \/>\nf) Est\u00e1 prohibido utilizar, sin autorizaci\u00f3n, aparatos que alteren sensiblemente los consumos previstos en los suministros.<br \/>\ng) Est\u00e1 prohibido organizar fiestas.<br \/>\nh) La permanencia de animales en el alojamiento s\u00f3lo est\u00e1 aceptada en caso de que se haya pedido permiso y \u00e9ste se haya concedido.<br \/>\ni) Desde la entrada de la nueva ley esta prohibido fumar en los apartamentos.<br \/>\nj)El cliente dejar\u00e1 puertas y ventanas cerradas , cuando salga del apartamento .<\/p>\n<h2><strong>8. Obligaciones de los clientes<\/strong><\/h2>\n<p>a) Observar las normas de seguridad, convivencia e higiene. Cumplir las normas contempladas en el reglamento de r\u00e9gimen interior.<br \/>\nb ) Respetar el establecimiento, el equipamiento y sus instalaciones.<br \/>\nc) En relaci\u00f3n al pago del precio, este deber\u00e1 realizarse por el cliente en el momento de la ocupaci\u00f3n de los apartamentos.<\/p>\n<h2><strong>9. Limpieza del apartamento<\/strong><\/h2>\n<p>El apartamento ser\u00e1 entregado limpio y ordenado. El cliente se compromete a respectar el orden y limpieza del apartamento y a entregarlo en las mismas condiciones en las que se le fue entregado. Se asegurara de vaciar las basuras, dejar los platos limpios y vaciar el frigor\u00edfico el d\u00eda de la salida etc.<\/p>\n","protected":false},"excerpt":{"rendered":"<p>1.Precio En el precio de los apartamentos est\u00e1n incluidos estos servicios complementarios: Informaci\u00f3n y documentaci\u00f3n tur\u00edstica de la zona. Ropa de cama y toallas. Se entregar\u00e1n toallas limpias cada tres d\u00edas. En estancias superiores a 7 noches se har\u00e1 limpieza y cambio de sabanas . Cocina completamente equipada: cubiertos, platos, vasos, sartenes, cacerolas, nevera, cafetera, microondas, congelador y otros \u00a0utensilios de cocina. Sala-Comedor con TV y aire acondicionado . Conjunto de limpieza: trapo de cocina, estropajo, bayeta, escoba , recogedor, cubo y fregona . Tabla de planchar y plancha. Derecho a uso zona de lavander\u00eda . 2. Uso del alojamiento El cliente es responsable de hacer la declaraci\u00f3n correcta del n\u00famero de personas que ha de ocupar el apartamento, sin omitir los ni\u00f1os. La administraci\u00f3n de los apartamentos puede legalmente negarse a admitir la entrada de aquellas personas no declaradas. 3. Comportamiento El cliente y sus acompa\u00f1antes deber\u00e1n de comportarse de forma c\u00edvica y respetando las normas generales de convivencia. Cualquier actividad que disturbe la convivencia normal de la comunidad en la que se ubica el alojamiento, tal como m\u00fasica elevada, ruidos o fiestas, y que provoque las quejas fundadas de los vecinos, ser\u00e1n motivo para que se desocupe inmediatamente [&hellip;]<\/p>\n","protected":false},"author":1,"featured_media":0,"parent":0,"menu_order":0,"comment_status":"closed","ping_status":"closed","template":"page-fullwidth.php","meta":{"footnotes":""},"class_list":["post-938","page","type-page","status-publish","hentry"],"_links":{"self":[{"href":"https:\/\/casaeugenio.es\/it\/wp-json\/wp\/v2\/pages\/938","targetHints":{"allow":["GET"]}}],"collection":[{"href":"https:\/\/casaeugenio.es\/it\/wp-json\/wp\/v2\/pages"}],"about":[{"href":"https:\/\/casaeugenio.es\/it\/wp-json\/wp\/v2\/types\/page"}],"author":[{"embeddable":true,"href":"https:\/\/casaeugenio.es\/it\/wp-json\/wp\/v2\/users\/1"}],"replies":[{"embeddable":true,"href":"https:\/\/casaeugenio.es\/it\/wp-json\/wp\/v2\/comments?post=938"}],"version-history":[{"count":0,"href":"https:\/\/casaeugenio.es\/it\/wp-json\/wp\/v2\/pages\/938\/revisions"}],"wp:attachment":[{"href":"https:\/\/casaeugenio.es\/it\/wp-json\/wp\/v2\/media?parent=938"}],"curies":[{"name":"wp","href":"https:\/\/api.w.org\/{rel}","templated":true}]}}