{"id":936,"date":"2018-03-29T16:27:34","date_gmt":"2018-03-29T15:27:34","guid":{"rendered":"https:\/\/casaeugenio.es\/aviso-legal\/"},"modified":"2018-04-30T17:47:37","modified_gmt":"2018-04-30T15:47:37","slug":"aviso-legal","status":"publish","type":"page","link":"https:\/\/casaeugenio.es\/it\/aviso-legal\/","title":{"rendered":"Aviso legal"},"content":{"rendered":"<h2>AVISO LEGAL, PRIVACIDAD, COOKIES Y PROTECCI\u00d3N DE DATOS<\/h2>\n<p><strong>1 \u2022 Condiciones Generales de Uso.<\/strong><br \/>\nLas siguientes Condiciones Generales regulan el uso y acceso al portal web, cuya finalidad es informar de manera p\u00fablica y gratuita, ofreciendo a los usuarios informaci\u00f3n, servicios y contenidos v\u00eda web, adoptar\u00e1 todas las medidas a su alcance para impedir cualquier tipo de conducta contraria a las Leyes Espa\u00f1olas y cooperar\u00e1 con las autoridades competentes en la identificaci\u00f3n de los sujetos responsables de las acciones que puedan suponer violaciones de las leyes o condiciones aplicables al presente sitio web.<\/p>\n<p><strong>IDENTIFICACI\u00d3N Y COMUNICACIONES<\/strong><\/p>\n<p>Viviendas Tur\u00edsticas Eugenio EsPJ (<em>en adelante Casa Eugenio<\/em>) en cumplimiento de la Ley 34\/2002, de 11 de julio, de servicios de la sociedad de la informaci\u00f3n y de comercio electr\u00f3nico, informa:<\/p>\n<p>Denominaci\u00f3n social: Viviendas Tur\u00edsticas Eugenio EsPJ<br \/>\nNIF-CIF es: E16575326<br \/>\nDomicilio social: Venda dels Brolls 1509, 07860, Formentera<\/p>\n<p>Para comunicarse con nosotros, ponemos a su disposici\u00f3n diferentes medios de contacto que detallamos a continuaci\u00f3n:<\/p>\n<p>Tel: +34 9\u00a0609 526 884<br \/>\nEmail:\u00a0<a href=\"mailto:patchordi@gmail.com\">patchordi@gmail.com<\/a><\/p>\n<p>Todas las notificaciones y comunicaciones entre los usuarios y Casa Eugenio se considerar\u00e1n eficaces, a todos los efectos, cuando se realicen a trav\u00e9s de correo postal o cualquier otro medio de los detallados anteriormente.<\/p>\n<p>Los presentes websites: \u201cwww.casaeugenio.es\u201d son propiedad de Casa Eugenio, con domicilio fiscal en la direcci\u00f3n arriba indicada.<\/p>\n<p>El acceso a este sitio web supone la aceptaci\u00f3n expresa del usuario a las presentes Condiciones de Uso, que podr\u00e1n ser modificadas o sustituidas por su titular en cualquier momento y sin previo aviso.<\/p>\n<p><strong>2 \u2022 Propiedad Intelectual e Industrial.\u00a0<\/strong><br \/>\nLos contenidos, documentaci\u00f3n, programaci\u00f3n \/ c\u00f3digo del presente website, im\u00e1genes, gr\u00e1ficos, marcas, logos y dise\u00f1o que forman esta web son propiedad de Casa Eugenio y se encuentran debidamente protegidos de conformidad con la normativa espa\u00f1ola e internacional sobre Propiedad Intelectual e Industrial. Las personas o empresas que remitan cualquier tipo de informaci\u00f3n o contenido a Casa Eugenio, se comprometen a que la misma sea veraz y no vulnere o infrinja cualquier derecho de tercero ni sea contraria a la ley y el orden p\u00fablico.<\/p>\n<p>Si Vd. cree que cualquier contenido y\/o informaci\u00f3n de esta web vulnera un derecho legitimo o la normativa vigente no dude en contactar con nosotros:<\/p>\n<p><strong>Casa Eugenio<\/strong><br \/>\nDirecci\u00f3n arriba indicada.<br \/>\nTel: +34 609 526 884<br \/>\nwww.casaeugenio.es<br \/>\npatchordi@gmail.com<\/p>\n<p><strong>3 \u2022 Protecci\u00f3n de Datos. Pol\u00edtica de Privacidad.<\/strong><br \/>\nCasa Eugenio, en cumplimiento de lo establecido en la LO 15\/1999, de 13 de Diciembre, de Protecci\u00f3n de Datos de Car\u00e1cter Personal, y su normativa de desarrollo, le informa de que los datos personales facilitados, ser\u00e1n almacenados en un fichero de datos de car\u00e1cter personal, inscrito en el Registro General de la Agencia de Protecci\u00f3n de Datos, titularidad de Casa Eugenio, que en ning\u00fan caso ser\u00e1n cedidos o comunicados a terceras empresas.<\/p>\n<p>En caso de facilitarnos su direcci\u00f3n de correo electr\u00f3nico, en cumplimiento de lo establecido en la Ley 34\/2002 de Servicios de la Sociedad de la Informaci\u00f3n y de Comercio Electr\u00f3nico, le informamos y Usted manifiesta de forma expresa que desea recibir comunicaciones comerciales mediante correo electr\u00f3nico de las ofertas, promociones y nuevos productos, servicios de Casa Eugenio.<\/p>\n<p>Asimismo, le informamos de la posibilidad que si Usted no desea continuar recibiendo comunicaciones comerciales puede indic\u00e1rnoslo a la siguiente direcci\u00f3n: patchordi@gmail.com . La recogida y almacenamiento de los datos personales de los Usuarios se realiza de conformidad con las disposiciones de la normativa vigente en materia de Protecci\u00f3n de Datos de Car\u00e1cter Personal, siendo utilizados exclusivamente para las finalidades establecidas: responder a las solicitudes de informaci\u00f3n de los Usuarios, seguimiento comercial, as\u00ed como para el env\u00edo de comunicaciones informativas solicitadas acerca de las futuras ofertas o promociones de Casa Eugenio, tiene implantadas todas las medidas de seguridad exigidas por el RD. 994\/99, a fin de garantizar la confidencialidad absoluta en el almacenamiento y tratamiento de los datos personales, as\u00ed como evitar accesos por parte de terceros no autorizados. El Usuario responder\u00e1 en cualquier caso de la veracidad de los datos facilitados, reserv\u00e1ndose Casa Eugenio, el derecho de excluir de los servicios prestados en el presente sitio web a todo usuario que haya facilitado datos falsos o err\u00f3neos. El usuario podr\u00e1 ejercer, en cualquier momento y de manera gratuita, sus derechos de acceso, rectificaci\u00f3n, cancelaci\u00f3n y oposici\u00f3n al tratamiento de sus datos personales mediante comunicaci\u00f3n escrita a:<\/p>\n<p><strong>Casa Eugenio<\/strong><br \/>\nDirecci\u00f3n arriba indicada.<br \/>\nTel: +34 609 526 884<br \/>\nwww.casaeugenio.es<br \/>\npatchordi@gmail.com<\/p>\n<p><strong>4 \u2022 Normativa de Cookies (Pol\u00edtica de Cookies).<\/strong><br \/>\nEl acceso y la navegaci\u00f3n en el sitio www.casaeugenio.es, \u00f3 el uso de los servicios del mismo, implican la aceptaci\u00f3n de las Condiciones Generales establecidas en nuestro Aviso Legal (y por tanto de la Pol\u00edtica de Privacidad y Pol\u00edtica de Cookies). Por favor, l\u00e9elas atentamente:<\/p>\n<p><strong>4.1 \u00bfQu\u00e9 es una Cookie?<\/strong><\/p>\n<p>Las cookies son archivos que contienen peque\u00f1as cantidades de informaci\u00f3n que se descargan en el dispositivo del usuario que se utiliza cuando visitas un sitio web. Su finalidad principal es reconocer al usuario cada vez que accede a www.casaeugenio.es nos permite, adem\u00e1s, mejorar la calidad y la usabilidad de nuestra web.<\/p>\n<p>Las cookies son esenciales para el funcionamiento de Internet;\u00a0<strong>no pueden da\u00f1ar el equipo\/dispositivo del usuario<\/strong>\u00a0y, si se encuentran activadas en la configuraci\u00f3n de tu navegador, nos ayudan a identificar y resolver posibles errores de funcionamiento de www.casaeugenio.es.<\/p>\n<p><strong>4.2 Tipos de Cookies:<\/strong><\/p>\n<p>Hay diferentes tipos de cookies. Todos ellos trabajan de la misma manera, pero tienen peque\u00f1as diferencias:<br \/>\n<strong><br \/>\n\u00b7 Cookies de Sesi\u00f3n.<\/strong>\u00a0Las cookies de sesi\u00f3n duran solamente por la duraci\u00f3n de tu visita y se borran cuando cierras el navegador. Su finalidad principal es identificar el tipo de dispositivo, apoyar la seguridad sitio web o su funcionalidad b\u00e1sica. No contienen informaci\u00f3n personal que nos permita identificar a una persona.<\/p>\n<p><strong>\u00b7 Cookies Persistentes o Permanentes:<\/strong>\u00a0Se almacenan en el disco duro del dispositivo y nuestra web las lee cada vez que realizas una nueva visita a www.casaeugenio.es; posee una fecha de caducidad o expiraci\u00f3n determinada, cumplida la cual la cookie deja de funcionar. Nos permiten identificar sus acciones y preferencias; analizar las visitas y nos ayudan a comprender c\u00f3mo llegan los usuarios a nuestra p\u00e1gina y mejorar nuestros servicios.<br \/>\n<strong><br \/>\n\u00b7 Cookies de Funcionalidad:<\/strong>\u00a0Permiten a www.casaeugenio.es recordar decisiones adoptadas por el usuario, como su login o identificador.<br \/>\nLa informaci\u00f3n de estas cookies se recogen de manera an\u00f3nima (es decir, no contiene ni tu nombre, direcci\u00f3n, u otros datos).<br \/>\n<strong><br \/>\n\u00b7 Cookies de Terceros.\u00a0<\/strong>Las cookies de terceros son las cookies que instala un sitio web que no es el que est\u00e1s visitando; por ejemplo, las usadas por redes sociales (como Facebook) o por complementos externos de contenido (como Google Maps). Adem\u00e1s, algunas empresas de publicidad usan este tipo de archivos para realizar un seguimiento de tus visitas en cada sitio en el que se anuncian.<br \/>\n<strong><br \/>\n\u00b7 Cookies Anal\u00edticas:<\/strong>\u00a0Son cookies que tienen por finalidad el mantenimiento peri\u00f3dico y garantizar el mejor funcionamiento y servicio al usuario; recopilando datos de su actividad.<\/p>\n<p><strong>4.3 Uso de Cookies por parte de www.casaeugenio.es<\/strong><\/p>\n<p>Mediante el acceso a www.casaeugenio.es y consentimiento de nuestras Cookies, usted acepta de manera expresa que podamos usar este tipo de cookies en sus dispositivos. Si desactiva las cookies, puede que su navegaci\u00f3n por www.casaeugenio.es no sea \u00f3ptima y algunas de las utilidades que dispone www.casaeugenio.es no funcionen correctamente.<\/p>\n<p><strong>a) Cookies propias (Esenciales)<\/strong>:<\/p>\n<p>Con el fin de reconocerle y prestarle un mejor servicio, nuestro sitio utiliza cookies (peque\u00f1os archivos de texto que su navegador almacena) propias. Las ventajas que conlleva la aceptaci\u00f3n de nuestras cookies se traduce en un ahorro de tiempo. Asimismo pueden ser utilizadas tambi\u00e9n para reconocerle entre visitas sucesivas y as\u00ed adaptar el contenido que se muestra, para obtener informaci\u00f3n acerca de la fecha y hora de su \u00faltima visita, medir algunos par\u00e1metros de tr\u00e1fico dentro del propio sitio, y estimar el n\u00famero de visitas realizadas, de manera que podamos enfocar y ajustar los servicios y promociones de forma m\u00e1s efectiva. Ninguna cookie permite que pueda contactarse con su n\u00famero de tel\u00e9fono, su direcci\u00f3n de correo electr\u00f3nico o con cualquier otro medio de contacto. Ninguna cookie puede extraer informaci\u00f3n de su disco duro o robar informaci\u00f3n personal.<\/p>\n<p>Nombre:<br \/>\n_icl_current_language<br \/>\ncatAccCookies<br \/>\nwordpress_b3f2ea189283ae4299f9f37354d1b5d7<br \/>\nwordfence_verifiedHuman<\/p>\n<p><strong>b) Cookies de Terceros (No-Esenciales): Cookies de Google Analytics<\/strong>:<\/p>\n<p>El sitio utiliza el servicio Google Analytics, que es prestado por Google, Inc., entidad cuya oficina principal est\u00e1 en 1600 Amphitheatre Parkway, Mountain View (California), CA 94043,<br \/>\nEstados Unidos (\u201cGoogle\u201d). Google Analytics utiliza cookies para ayudarnos a analizar el uso que hacen los usuarios del sitio. La informaci\u00f3n que genera la cookie acerca de su uso del sitio (incluyendo su direcci\u00f3n IP) ser\u00e1 directamente transmitida y archivada por Google en sus servidores de Estados Unidos. Google usar\u00e1 esta informaci\u00f3n por cuenta nuestra con el prop\u00f3sito de seguir la pista de su uso del sitio, recopilando informes de la actividad del sitio y prestando otros servicios relacionados con la actividad del sitio y el uso de Internet. Google podr\u00e1 transmitir dicha informaci\u00f3n a terceros cuando as\u00ed se lo requiera la legislaci\u00f3n, o cuando dichos terceros procesen la informaci\u00f3n por cuenta de Google. Google no asociar\u00e1 su direcci\u00f3n IP con ning\u00fan otro dato del que disponga Google.<\/p>\n<p>Si lo deseas puedes rechazar el tratamiento de los datos o la informaci\u00f3n rechazando el uso de cookies mediante la selecci\u00f3n de la configuraci\u00f3n apropiada de su navegador. Sin embargo, si lo haces, puede ser que no puedas usar la plena funcionabilidad de este sitio. Al utilizar este sitio consiente el tratamiento su informaci\u00f3n por Google en la forma y para los fines arriba indicados.<\/p>\n<p>Nombre:<br \/>\n_utma<br \/>\n_utmb<br \/>\n_utmc<br \/>\n_utmv<br \/>\n_utmz<br \/>\nEstas cookies de Google Analytics generan un ID de usuario an\u00f3nimo, que es el que se utiliza para hacer un recuento de cuantas veces visita www.casaeugenio.es el usuario. Tambi\u00e9n registra cuando fue la primera y la \u00faltima vez que visit\u00f3 la web. Asimismo, calcula cuando se ha terminado una sesi\u00f3n, origen de usuario y keywords.<\/p>\n<p><strong>4.4 Configuraci\u00f3n del usuario para evitar Cookies.<\/strong><\/p>\n<p>Desde www.casaeugenio.es y en cumplimiento de la normativa legal vigente, ponemos a su disposici\u00f3n la informaci\u00f3n que te permita configurar su navegador\/navegadores de Internet para mantener su privacidad y seguridad en relaci\u00f3n a las cookies. Por ello, le facilitamos la informaci\u00f3n y enlaces a los sitos de soporte oficiales de los principales navegadores para que pueda decidir si desea o no aceptar el uso de cookies.<\/p>\n<p>As\u00ed, puede bloquear las cookies a trav\u00e9s de las herramientas de configuraci\u00f3n del navegador o bien puede configurar su navegador para que le avise cuando un servidor quiera guardar una cookie:<\/p>\n<p><strong>a) Microsoft Internet Explorer<\/strong>, en la opci\u00f3n de men\u00fa Herramientas &gt; Opciones de Internet &gt; Privacidad &gt; Configuraci\u00f3n.<br \/>\nPara saber m\u00e1s:\u00a0<a href=\"http:\/\/windows.microsoft.com\/es-es\/windows-vista\/block-or-allow-cookies\" target=\"_blank\" rel=\"nofollow noopener\">http:\/\/windows.microsoft.com\/es-es\/windows-vista\/block-or-allow-cookies<\/a>\u00a0y\u00a0<a href=\"http:\/\/windows.microsoft.com\/es-es\/windows7\/how-to-manage-cookies-in-internet-explorer-9\" target=\"_blank\" rel=\"nofollow noopener\">http:\/\/windows.microsoft.com\/es-es\/windows7\/how-to-manage-cookies-in-internet-explorer-9<\/a>.<\/p>\n<p><strong>b) Firefox<\/strong>, en la opci\u00f3n de men\u00fa Herramientas &gt; Opciones &gt; Privacidad &gt;Cookies.<br \/>\nPara saber m\u00e1s:\u00a0<a href=\"https:\/\/support.mozilla.org\/es\/kb\/habilitar-y-deshabilitar-cookies-que-los-sitios-we\" target=\"_blank\" rel=\"nofollow noopener\">https:\/\/support.mozilla.org\/es\/kb\/habilitar-y-deshabilitar-cookies-que-los-sitios-we<\/a><\/p>\n<p><strong>c) Google Chrome,<\/strong>\u00a0en la secci\u00f3n de Opciones &gt; Opciones avanzadas &gt; Privacidad.<br \/>\nPara saber m\u00e1s:\u00a0<a href=\"http:\/\/support.google.com\/chrome\/bin\/answer.py?hl=es&amp;answer=95647\" target=\"_blank\" rel=\"nofollow noopener\">http:\/\/support.google.com\/chrome\/bin\/answer.py?hl=es&amp;answer=95647<\/a><br \/>\n<strong><br \/>\nd) Opera<\/strong>, en la opci\u00f3n de Seguridad y Privacidad, podr\u00e1s configurar el navegador.<br \/>\nPara saber m\u00e1s:\u00a0<a href=\"http:\/\/www.opera.com\/help\/tutorials\/security\/cookies\/\" target=\"_blank\" rel=\"nofollow noopener\">http:\/\/www.opera.com\/help\/tutorials\/security\/cookies\/<\/a><\/p>\n<p>Puede encontrar m\u00e1s informaci\u00f3n relacionada en el documento de la Agencia Espa\u00f1ola de Protecci\u00f3n de Datos:\u00a0<a title=\"Gu\u00eda Cookies AGPD\" href=\"http:\/\/www.agpd.es\/portalwebAGPD\/canaldocumentacion\/publicaciones\/common\/Guias\/Guia_Cookies.pdf\" target=\"_blank\" rel=\"nofollow noopener\">Documento<\/a><\/p>\n<p><strong>5 \u2022 Jurisdicci\u00f3n.<\/strong><br \/>\nCualquier controversia o conflicto que eventualmente pudiera derivarse de la interpretaci\u00f3n y cumplimiento de las presentes Condiciones, ser\u00e1 sometido a la Jurisdicci\u00f3n de los Juzgados y Tribunales de Palma, Islas Baleares (Espa\u00f1a).<\/p>\n","protected":false},"excerpt":{"rendered":"<p>AVISO LEGAL, PRIVACIDAD, COOKIES Y PROTECCI\u00d3N DE DATOS 1 \u2022 Condiciones Generales de Uso. Las siguientes Condiciones Generales regulan el uso y acceso al portal web, cuya finalidad es informar de manera p\u00fablica y gratuita, ofreciendo a los usuarios informaci\u00f3n, servicios y contenidos v\u00eda web, adoptar\u00e1 todas las medidas a su alcance para impedir cualquier tipo de conducta contraria a las Leyes Espa\u00f1olas y cooperar\u00e1 con las autoridades competentes en la identificaci\u00f3n de los sujetos responsables de las acciones que puedan suponer violaciones de las leyes o condiciones aplicables al presente sitio web. IDENTIFICACI\u00d3N Y COMUNICACIONES Viviendas Tur\u00edsticas Eugenio EsPJ (en adelante Casa Eugenio) en cumplimiento de la Ley 34\/2002, de 11 de julio, de servicios de la sociedad de la informaci\u00f3n y de comercio electr\u00f3nico, informa: Denominaci\u00f3n social: Viviendas Tur\u00edsticas Eugenio EsPJ NIF-CIF es: E16575326 Domicilio social: Venda dels Brolls 1509, 07860, Formentera Para comunicarse con nosotros, ponemos a su disposici\u00f3n diferentes medios de contacto que detallamos a continuaci\u00f3n: Tel: +34 9\u00a0609 526 884 Email:\u00a0patchordi@gmail.com Todas las notificaciones y comunicaciones entre los usuarios y Casa Eugenio se considerar\u00e1n eficaces, a todos los efectos, cuando se realicen a trav\u00e9s de correo postal o cualquier otro medio de los detallados anteriormente. [&hellip;]<\/p>\n","protected":false},"author":1,"featured_media":0,"parent":0,"menu_order":0,"comment_status":"closed","ping_status":"closed","template":"page-fullwidth.php","meta":{"footnotes":""},"class_list":["post-936","page","type-page","status-publish","hentry"],"_links":{"self":[{"href":"https:\/\/casaeugenio.es\/it\/wp-json\/wp\/v2\/pages\/936","targetHints":{"allow":["GET"]}}],"collection":[{"href":"https:\/\/casaeugenio.es\/it\/wp-json\/wp\/v2\/pages"}],"about":[{"href":"https:\/\/casaeugenio.es\/it\/wp-json\/wp\/v2\/types\/page"}],"author":[{"embeddable":true,"href":"https:\/\/casaeugenio.es\/it\/wp-json\/wp\/v2\/users\/1"}],"replies":[{"embeddable":true,"href":"https:\/\/casaeugenio.es\/it\/wp-json\/wp\/v2\/comments?post=936"}],"version-history":[{"count":0,"href":"https:\/\/casaeugenio.es\/it\/wp-json\/wp\/v2\/pages\/936\/revisions"}],"wp:attachment":[{"href":"https:\/\/casaeugenio.es\/it\/wp-json\/wp\/v2\/media?parent=936"}],"curies":[{"name":"wp","href":"https:\/\/api.w.org\/{rel}","templated":true}]}}